{"id":31,"date":"2021-08-24T17:25:38","date_gmt":"2021-08-24T17:25:38","guid":{"rendered":"http:\/\/landmaschinenfreunde-louisendorf.de\/?page_id=31"},"modified":"2021-08-25T14:04:22","modified_gmt":"2021-08-25T12:04:22","slug":"ueber-uns","status":"publish","type":"page","link":"https:\/\/landmaschinenfreunde-louisendorf.de\/?page_id=31","title":{"rendered":"\u00dcber Uns"},"content":{"rendered":"\n<div class=\"wp-block-image is-style-rounded\"><figure class=\"aligncenter size-large is-resized\"><img loading=\"lazy\" decoding=\"async\" src=\"http:\/\/landmaschinenfreunde-louisendorf.de\/wp-content\/uploads\/2021\/08\/vorstand-1024x768.jpg\" alt=\"\" class=\"wp-image-164\" width=\"768\" height=\"576\" srcset=\"https:\/\/landmaschinenfreunde-louisendorf.de\/wp-content\/uploads\/2021\/08\/vorstand-1024x768.jpg 1024w, https:\/\/landmaschinenfreunde-louisendorf.de\/wp-content\/uploads\/2021\/08\/vorstand-300x225.jpg 300w, https:\/\/landmaschinenfreunde-louisendorf.de\/wp-content\/uploads\/2021\/08\/vorstand-768x576.jpg 768w, https:\/\/landmaschinenfreunde-louisendorf.de\/wp-content\/uploads\/2021\/08\/vorstand-1536x1152.jpg 1536w, https:\/\/landmaschinenfreunde-louisendorf.de\/wp-content\/uploads\/2021\/08\/vorstand-2048x1536.jpg 2048w\" sizes=\"auto, (max-width: 768px) 100vw, 768px\" \/><figcaption>Der Vorstand (v.l.n.r): Pascal Hans, Karl-Heinz Schulz, Dirk Frericks, J\u00fcrgen Graven und Karl Hohl<\/figcaption><\/figure><\/div>\n\n\n\n<div class=\"wp-block-columns is-layout-flex wp-container-core-columns-is-layout-9d6595d7 wp-block-columns-is-layout-flex\">\n<div class=\"wp-block-column is-layout-flow wp-block-column-is-layout-flow\">\n<figure class=\"wp-block-image size-large\"><img loading=\"lazy\" decoding=\"async\" width=\"1024\" height=\"479\" src=\"http:\/\/landmaschinenfreunde-louisendorf.de\/wp-content\/uploads\/2021\/05\/Logo_Landmaschinen_Louisendorf_RGB_RZ-01-1024x479.png\" alt=\"\" class=\"wp-image-6\" srcset=\"https:\/\/landmaschinenfreunde-louisendorf.de\/wp-content\/uploads\/2021\/05\/Logo_Landmaschinen_Louisendorf_RGB_RZ-01-1024x479.png 1024w, https:\/\/landmaschinenfreunde-louisendorf.de\/wp-content\/uploads\/2021\/05\/Logo_Landmaschinen_Louisendorf_RGB_RZ-01-300x140.png 300w, https:\/\/landmaschinenfreunde-louisendorf.de\/wp-content\/uploads\/2021\/05\/Logo_Landmaschinen_Louisendorf_RGB_RZ-01-768x359.png 768w, https:\/\/landmaschinenfreunde-louisendorf.de\/wp-content\/uploads\/2021\/05\/Logo_Landmaschinen_Louisendorf_RGB_RZ-01-1536x718.png 1536w, https:\/\/landmaschinenfreunde-louisendorf.de\/wp-content\/uploads\/2021\/05\/Logo_Landmaschinen_Louisendorf_RGB_RZ-01-2048x957.png 2048w\" sizes=\"auto, (max-width: 1024px) 100vw, 1024px\" \/><figcaption>Vositzender &#8211; Dirk Frericks<\/figcaption><\/figure>\n\n\n\n<p><\/p>\n\n\n\n<figure class=\"wp-block-image size-large\"><img loading=\"lazy\" decoding=\"async\" width=\"683\" height=\"1024\" src=\"http:\/\/landmaschinenfreunde-louisendorf.de\/wp-content\/uploads\/2021\/08\/juergen-683x1024.jpg\" alt=\"\" class=\"wp-image-165\" srcset=\"https:\/\/landmaschinenfreunde-louisendorf.de\/wp-content\/uploads\/2021\/08\/juergen-683x1024.jpg 683w, https:\/\/landmaschinenfreunde-louisendorf.de\/wp-content\/uploads\/2021\/08\/juergen-200x300.jpg 200w, https:\/\/landmaschinenfreunde-louisendorf.de\/wp-content\/uploads\/2021\/08\/juergen-768x1152.jpg 768w, https:\/\/landmaschinenfreunde-louisendorf.de\/wp-content\/uploads\/2021\/08\/juergen-1024x1536.jpg 1024w, https:\/\/landmaschinenfreunde-louisendorf.de\/wp-content\/uploads\/2021\/08\/juergen-1365x2048.jpg 1365w, https:\/\/landmaschinenfreunde-louisendorf.de\/wp-content\/uploads\/2021\/08\/juergen-scaled.jpg 1707w\" sizes=\"auto, (max-width: 683px) 100vw, 683px\" \/><\/figure>\n\n\n\n<p>Gesch\u00e4ftsf\u00fchrer &#8211; J\u00fcrgen Graven<\/p>\n<\/div>\n\n\n\n<div class=\"wp-block-column is-layout-flow wp-block-column-is-layout-flow\">\n<figure class=\"wp-block-image size-large\"><img loading=\"lazy\" decoding=\"async\" width=\"1024\" height=\"479\" src=\"http:\/\/landmaschinenfreunde-louisendorf.de\/wp-content\/uploads\/2021\/05\/Logo_Landmaschinen_Louisendorf_RGB_RZ-01-1024x479.png\" alt=\"\" class=\"wp-image-6\" srcset=\"https:\/\/landmaschinenfreunde-louisendorf.de\/wp-content\/uploads\/2021\/05\/Logo_Landmaschinen_Louisendorf_RGB_RZ-01-1024x479.png 1024w, https:\/\/landmaschinenfreunde-louisendorf.de\/wp-content\/uploads\/2021\/05\/Logo_Landmaschinen_Louisendorf_RGB_RZ-01-300x140.png 300w, https:\/\/landmaschinenfreunde-louisendorf.de\/wp-content\/uploads\/2021\/05\/Logo_Landmaschinen_Louisendorf_RGB_RZ-01-768x359.png 768w, https:\/\/landmaschinenfreunde-louisendorf.de\/wp-content\/uploads\/2021\/05\/Logo_Landmaschinen_Louisendorf_RGB_RZ-01-1536x718.png 1536w, https:\/\/landmaschinenfreunde-louisendorf.de\/wp-content\/uploads\/2021\/05\/Logo_Landmaschinen_Louisendorf_RGB_RZ-01-2048x957.png 2048w\" sizes=\"auto, (max-width: 1024px) 100vw, 1024px\" \/><figcaption>Stv. Vorsitzender &#8211; Karl Hohl<\/figcaption><\/figure>\n\n\n\n<p><\/p>\n\n\n\n<figure class=\"wp-block-image size-large\"><img loading=\"lazy\" decoding=\"async\" width=\"683\" height=\"1024\" src=\"http:\/\/landmaschinenfreunde-louisendorf.de\/wp-content\/uploads\/2021\/08\/pascal-683x1024.jpg\" alt=\"\" class=\"wp-image-163\" srcset=\"https:\/\/landmaschinenfreunde-louisendorf.de\/wp-content\/uploads\/2021\/08\/pascal-683x1024.jpg 683w, https:\/\/landmaschinenfreunde-louisendorf.de\/wp-content\/uploads\/2021\/08\/pascal-200x300.jpg 200w, https:\/\/landmaschinenfreunde-louisendorf.de\/wp-content\/uploads\/2021\/08\/pascal-768x1152.jpg 768w, https:\/\/landmaschinenfreunde-louisendorf.de\/wp-content\/uploads\/2021\/08\/pascal-1024x1536.jpg 1024w, https:\/\/landmaschinenfreunde-louisendorf.de\/wp-content\/uploads\/2021\/08\/pascal-1365x2048.jpg 1365w, https:\/\/landmaschinenfreunde-louisendorf.de\/wp-content\/uploads\/2021\/08\/pascal-scaled.jpg 1707w\" sizes=\"auto, (max-width: 683px) 100vw, 683px\" \/><\/figure>\n\n\n\n<p>Beisitzer &#8211; Pascal Hans<\/p>\n<\/div>\n\n\n\n<div class=\"wp-block-column is-layout-flow wp-block-column-is-layout-flow\">\n<figure class=\"wp-block-image size-large\"><img loading=\"lazy\" decoding=\"async\" width=\"1024\" height=\"479\" src=\"http:\/\/landmaschinenfreunde-louisendorf.de\/wp-content\/uploads\/2021\/05\/Logo_Landmaschinen_Louisendorf_RGB_RZ-01-1024x479.png\" alt=\"\" class=\"wp-image-6\" srcset=\"https:\/\/landmaschinenfreunde-louisendorf.de\/wp-content\/uploads\/2021\/05\/Logo_Landmaschinen_Louisendorf_RGB_RZ-01-1024x479.png 1024w, https:\/\/landmaschinenfreunde-louisendorf.de\/wp-content\/uploads\/2021\/05\/Logo_Landmaschinen_Louisendorf_RGB_RZ-01-300x140.png 300w, https:\/\/landmaschinenfreunde-louisendorf.de\/wp-content\/uploads\/2021\/05\/Logo_Landmaschinen_Louisendorf_RGB_RZ-01-768x359.png 768w, https:\/\/landmaschinenfreunde-louisendorf.de\/wp-content\/uploads\/2021\/05\/Logo_Landmaschinen_Louisendorf_RGB_RZ-01-1536x718.png 1536w, https:\/\/landmaschinenfreunde-louisendorf.de\/wp-content\/uploads\/2021\/05\/Logo_Landmaschinen_Louisendorf_RGB_RZ-01-2048x957.png 2048w\" sizes=\"auto, (max-width: 1024px) 100vw, 1024px\" \/><figcaption>Schatzmeister &#8211;  Karl-Heinz Schulz <\/figcaption><\/figure>\n\n\n\n<p><\/p>\n<\/div>\n<\/div>\n\n\n\n<p><\/p>\n","protected":false},"excerpt":{"rendered":"<p>Gesch\u00e4ftsf\u00fchrer &#8211; J\u00fcrgen Graven Beisitzer &#8211; Pascal Hans<\/p>\n","protected":false},"author":1,"featured_media":0,"parent":0,"menu_order":0,"comment_status":"closed","ping_status":"closed","template":"","meta":{"ngg_post_thumbnail":0,"footnotes":""},"class_list":["post-31","page","type-page","status-publish","hentry"],"_links":{"self":[{"href":"https:\/\/landmaschinenfreunde-louisendorf.de\/index.php?rest_route=\/wp\/v2\/pages\/31","targetHints":{"allow":["GET"]}}],"collection":[{"href":"https:\/\/landmaschinenfreunde-louisendorf.de\/index.php?rest_route=\/wp\/v2\/pages"}],"about":[{"href":"https:\/\/landmaschinenfreunde-louisendorf.de\/index.php?rest_route=\/wp\/v2\/types\/page"}],"author":[{"embeddable":true,"href":"https:\/\/landmaschinenfreunde-louisendorf.de\/index.php?rest_route=\/wp\/v2\/users\/1"}],"replies":[{"embeddable":true,"href":"https:\/\/landmaschinenfreunde-louisendorf.de\/index.php?rest_route=%2Fwp%2Fv2%2Fcomments&post=31"}],"version-history":[{"count":6,"href":"https:\/\/landmaschinenfreunde-louisendorf.de\/index.php?rest_route=\/wp\/v2\/pages\/31\/revisions"}],"predecessor-version":[{"id":173,"href":"https:\/\/landmaschinenfreunde-louisendorf.de\/index.php?rest_route=\/wp\/v2\/pages\/31\/revisions\/173"}],"wp:attachment":[{"href":"https:\/\/landmaschinenfreunde-louisendorf.de\/index.php?rest_route=%2Fwp%2Fv2%2Fmedia&parent=31"}],"curies":[{"name":"wp","href":"https:\/\/api.w.org\/{rel}","templated":true}]}}